{"id":1991,"date":"2018-02-16T22:25:11","date_gmt":"2018-02-16T21:25:11","guid":{"rendered":"http:\/\/www.xn--hfstervang-1cb.dk\/?page_id=1991"},"modified":"2022-07-27T10:29:36","modified_gmt":"2022-07-27T08:29:36","slug":"byggeri-i-oestervang","status":"publish","type":"page","link":"http:\/\/www.hf\u00f8stervang.dk\/?page_id=1991","title":{"rendered":"Byggeri i \u00d8stervang"},"content":{"rendered":"\n<div class=\"wp-block-image\"><figure class=\"aligncenter\"><img decoding=\"async\" src=\"http:\/\/www.xn--hfstervang-1cb.dk\/wp-content\/uploads\/2022\/07\/const-2.png\" alt=\"\" class=\"wp-image-3311\"\/><\/figure><\/div>\n\n\n<h4 style=\"padding-left: 40px;\">Hvis du har en have i HF \u00d8stervang og p\u00e5t\u00e6nker at bygge nyt eller bygge om, s\u00e5 er der nogle forhold der skal tages h\u00f8jde for.\u00a0<\/h4>\n<hr \/>\n<h4 style=\"text-align: center;\">Vores byggeansvarlige kan oplyse dig om hvilke forhold der er tale om p\u00e5 tlf. 61 30 25 17 eller <strong>mail<\/strong>: hf\u00f8stervang@gmail.com.\u00a0<\/h4>\n<hr \/>\n<h4 style=\"text-align: center;\">V\u00e6r opm\u00e6rksom p\u00e5 at s\u00e5fremt du bygger <strong><span style=\"color: #ff0000;\">UDEN<\/span><\/strong> tilladelse eller ikke overholder eksisterende regler, s\u00e5 skal det ulovlige byggeri pilles ned med det samme.<\/h4>\n<hr \/>\n<h4 style=\"text-align: center;\">Vores byggeregler bygger p\u00e5 de af kommunen udstukne regler, lejekontrakt med kommunen, samt Lokalplan 87.<\/h4>\n<h4>\u00a0<\/h4>","protected":false},"excerpt":{"rendered":"<p>Hvis du har en have i HF \u00d8stervang og p\u00e5t\u00e6nker at bygge nyt eller bygge om, s\u00e5 er der nogle forhold der skal tages h\u00f8jde for.\u00a0 Vores byggeansvarlige kan oplyse dig om hvilke forhold der er tale om p\u00e5 tlf. 61 30 25 17 eller mail: hf\u00f8stervang@gmail.com.\u00a0 V\u00e6r opm\u00e6rksom p\u00e5 at s\u00e5fremt du bygger UDEN [&hellip;]<\/p>\n","protected":false},"author":1,"featured_media":0,"parent":0,"menu_order":0,"comment_status":"closed","ping_status":"closed","template":"","meta":{"footnotes":""},"_links":{"self":[{"href":"http:\/\/www.hf\u00f8stervang.dk\/index.php?rest_route=\/wp\/v2\/pages\/1991"}],"collection":[{"href":"http:\/\/www.hf\u00f8stervang.dk\/index.php?rest_route=\/wp\/v2\/pages"}],"about":[{"href":"http:\/\/www.hf\u00f8stervang.dk\/index.php?rest_route=\/wp\/v2\/types\/page"}],"author":[{"embeddable":true,"href":"http:\/\/www.hf\u00f8stervang.dk\/index.php?rest_route=\/wp\/v2\/users\/1"}],"replies":[{"embeddable":true,"href":"http:\/\/www.hf\u00f8stervang.dk\/index.php?rest_route=%2Fwp%2Fv2%2Fcomments&post=1991"}],"version-history":[{"count":39,"href":"http:\/\/www.hf\u00f8stervang.dk\/index.php?rest_route=\/wp\/v2\/pages\/1991\/revisions"}],"predecessor-version":[{"id":3313,"href":"http:\/\/www.hf\u00f8stervang.dk\/index.php?rest_route=\/wp\/v2\/pages\/1991\/revisions\/3313"}],"wp:attachment":[{"href":"http:\/\/www.hf\u00f8stervang.dk\/index.php?rest_route=%2Fwp%2Fv2%2Fmedia&parent=1991"}],"curies":[{"name":"wp","href":"https:\/\/api.w.org\/{rel}","templated":true}]}}