{"id":770,"date":"2015-02-14T12:55:52","date_gmt":"2015-02-14T11:55:52","guid":{"rendered":"http:\/\/www.xn--hfstervang-1cb.dk\/?page_id=770"},"modified":"2024-04-29T09:26:34","modified_gmt":"2024-04-29T07:26:34","slug":"kontortider-2015","status":"publish","type":"page","link":"http:\/\/www.hf\u00f8stervang.dk\/?page_id=770","title":{"rendered":"Kontakt os"},"content":{"rendered":"\t\t<div data-elementor-type=\"wp-page\" data-elementor-id=\"770\" class=\"elementor elementor-770\" data-elementor-post-type=\"page\">\n\t\t\t\t<div class=\"elementor-element elementor-element-2f547139 e-flex e-con-boxed e-con e-parent\" data-id=\"2f547139\" data-element_type=\"container\">\n\t\t\t\t\t<div class=\"e-con-inner\">\n\t\t\t\t<div class=\"elementor-element elementor-element-59abf31d elementor-widget elementor-widget-text-editor\" data-id=\"59abf31d\" data-element_type=\"widget\" data-widget_type=\"text-editor.default\">\n\t\t\t\t<div class=\"elementor-widget-container\">\n\t\t\t\t\t\t\t<p><span style=\"font-size: 19.2px; color: #000000;\">HF \u00d8stervangs bestyrelse:\u00a0\u00a0<\/span><\/p>\n<hr \/>\n<p>Formand Klaus Bryld<\/p>\n<p><em><span style=\"color: #000000;\">Klaus Bryld ansvar: Salg,byggeregler.<\/span><\/em><\/p>\n<p><em><span style=\"color: #000000;\">N\u00e6steformand Suad Zekic\u00a0<\/span><\/em><\/p>\n<p><em><span style=\"color: #000000;\">Suad:Ansvar Toiletbrik, Faktura ,Vand,indk\u00f8b.<\/span><\/em><em><span style=\"color: #000000;\">\u00a0<\/span><\/em><\/p>\n<p><em><span style=\"color: #000000;\">Kasserer Lotte Faurholt<\/span><\/em><\/p>\n<p><em><span style=\"color: #000000;\">Bestyrelses medlemmer Nick Jensen Dima Frederiksen<\/span><\/em><\/p>\n<p>\u00a0<\/p>\n<p><em><span style=\"color: #000000;\">HF\u00d8-telefontid: 61 30 25 17 er \u00e5ben hver Torsdag fra kl 16 til 18.<\/span><\/em><\/p>\n<p><em><span style=\"color: #000000;\">Akut du kan send sms s\u00e5 bliver der ringet tilbage \u00a0fra vores mobil nr 61302517.<\/span><\/em><\/p>\n<p><em><span style=\"color: #000000;\">Du kan ogs\u00e5 sende e-mail hfostervang@gmail.com<\/span><\/em><\/p>\n<hr \/>\n<p><em><span style=\"color: #000000;\">Suppleanter:<\/span><\/em><\/p>\n<p><em><span style=\"color: #000000;\">Jerry J\u00f8rgensen &amp; Nete Frederiksen<\/span><\/em><em><span style=\"color: #000000;\">.<\/span><\/em><\/p>\n<p><em>Revisor:\u00a0<\/em><\/p>\n<p><em>Vibeke Abrahamsen.<\/em><\/p>\n<p>\u00a0<\/p>\n<ul>\n<li style=\"text-align: left;\"><em><span style=\"color: #000000;\">Mail til generelle sp\u00f8rgsm\u00e5l: <a style=\"color: #000000;\" href=\"mailto:hfostervang@gmail.com\">hfostervang@gmail.com<\/a><\/span><\/em><\/li>\n<li style=\"text-align: left;\"><em><span style=\"color: #000000;\">\u00d8nsker du at leje foreningshuset, kan du kontakte Joan p\u00e5 telefon; 52 72 33 47.<\/span><\/em><\/li>\n<\/ul>\n<p>\u00a0<\/p>\n<h4 style=\"text-align: center;\" align=\"CENTER\">\u00a0<\/h4>\n<!-- wp:paragraph -->\n<p>\u00a0<\/p>\n<!-- \/wp:paragraph -->\t\t\t\t\t\t<\/div>\n\t\t\t\t<\/div>\n\t\t\t\t\t<\/div>\n\t\t\t\t<\/div>\n\t\t\t\t<\/div>\n\t\t","protected":false},"excerpt":{"rendered":"<p>HF \u00d8stervangs bestyrelse:\u00a0\u00a0 Formand Klaus Bryld Klaus Bryld ansvar: Salg,byggeregler. N\u00e6steformand Suad Zekic\u00a0 Suad:Ansvar Toiletbrik, Faktura ,Vand,indk\u00f8b.\u00a0 Kasserer Lotte Faurholt Bestyrelses medlemmer Nick Jensen Dima Frederiksen \u00a0 HF\u00d8-telefontid: 61 30 25 17 er \u00e5ben hver Torsdag fra kl 16 til 18. Akut du kan send sms s\u00e5 bliver der ringet tilbage \u00a0fra vores mobil nr [&hellip;]<\/p>\n","protected":false},"author":1,"featured_media":0,"parent":0,"menu_order":4,"comment_status":"closed","ping_status":"closed","template":"","meta":{"footnotes":""},"_links":{"self":[{"href":"http:\/\/www.hf\u00f8stervang.dk\/index.php?rest_route=\/wp\/v2\/pages\/770"}],"collection":[{"href":"http:\/\/www.hf\u00f8stervang.dk\/index.php?rest_route=\/wp\/v2\/pages"}],"about":[{"href":"http:\/\/www.hf\u00f8stervang.dk\/index.php?rest_route=\/wp\/v2\/types\/page"}],"author":[{"embeddable":true,"href":"http:\/\/www.hf\u00f8stervang.dk\/index.php?rest_route=\/wp\/v2\/users\/1"}],"replies":[{"embeddable":true,"href":"http:\/\/www.hf\u00f8stervang.dk\/index.php?rest_route=%2Fwp%2Fv2%2Fcomments&post=770"}],"version-history":[{"count":76,"href":"http:\/\/www.hf\u00f8stervang.dk\/index.php?rest_route=\/wp\/v2\/pages\/770\/revisions"}],"predecessor-version":[{"id":3949,"href":"http:\/\/www.hf\u00f8stervang.dk\/index.php?rest_route=\/wp\/v2\/pages\/770\/revisions\/3949"}],"wp:attachment":[{"href":"http:\/\/www.hf\u00f8stervang.dk\/index.php?rest_route=%2Fwp%2Fv2%2Fmedia&parent=770"}],"curies":[{"name":"wp","href":"https:\/\/api.w.org\/{rel}","templated":true}]}}